{"id":3656,"date":"2021-08-27T09:22:52","date_gmt":"2021-08-27T09:22:52","guid":{"rendered":"https:\/\/www.greenocean.tech\/?page_id=3656"},"modified":"2025-06-05T15:01:05","modified_gmt":"2025-06-05T15:01:05","slug":"hr-chemie-ingenieur","status":"publish","type":"page","link":"https:\/\/www.greenocean.tech\/en\/hr-chemie-ingenieur\/","title":{"rendered":"HR-Chemie-Ingenieur"},"content":{"rendered":"<p>[et_pb_section fb_built=&#8221;1&#8243; admin_label=&#8221;Services&#8221; _builder_version=&#8221;4.16&#8243; vertical_offset_tablet=&#8221;0&#8243; horizontal_offset_tablet=&#8221;0&#8243; custom_padding=&#8221;90px|0px|90px|0px&#8221; box_shadow_horizontal_tablet=&#8221;0px&#8221; box_shadow_vertical_tablet=&#8221;0px&#8221; box_shadow_blur_tablet=&#8221;40px&#8221; box_shadow_spread_tablet=&#8221;0px&#8221; global_colors_info=&#8221;{}&#8221;][et_pb_row _builder_version=&#8221;4.16&#8243; _module_preset=&#8221;default&#8221; global_colors_info=&#8221;{}&#8221;][et_pb_column type=&#8221;4_4&#8243; _builder_version=&#8221;4.16&#8243; _module_preset=&#8221;default&#8221; global_colors_info=&#8221;{}&#8221;][et_pb_text _builder_version=&#8221;4.16&#8243; _module_preset=&#8221;default&#8221; global_colors_info=&#8221;{}&#8221;]<\/p>\n<h1 style=\"text-align: center;\"><strong>CHEMIE-INGENIEUR \/ UMWELTTECHNIK \/ WATER SCIENCE<\/strong>\u00a0 <strong>\u2212<\/strong> \u00a0<strong>INGENIEUR \/ TECHNIKER<\/strong> (m\/w\/d)<\/h1>\n<h3 style=\"text-align: center;\">Anlagenplanung, -bau und Inbetriebsetzung von NextGen Abwassertechnologie<br \/>Bottrop\/Metropole Ruhr, Deutschland \u00a0\u2013 \u00a0Voll-\/Teilzeit<\/h3>\n<p>[\/et_pb_text][\/et_pb_column][\/et_pb_row][et_pb_row _builder_version=&#8221;4.16&#8243; _module_preset=&#8221;default&#8221; global_colors_info=&#8221;{}&#8221;][et_pb_column type=&#8221;4_4&#8243; _builder_version=&#8221;4.16&#8243; _module_preset=&#8221;default&#8221; global_colors_info=&#8221;{}&#8221;][et_pb_text _builder_version=&#8221;4.16&#8243; _module_preset=&#8221;default&#8221; global_colors_info=&#8221;{}&#8221;]<\/p>\n<p><strong>Beschreibung<br \/><\/strong><strong>Chemie-Ingenieur \/ Ingenieur Umwelttechnik \/ M.Sc. Water Science<br \/><\/strong><strong>Bottrop\/Metropole Ruhr, Deutschland<\/strong><\/p>\n<p>[\/et_pb_text][\/et_pb_column][\/et_pb_row][et_pb_row _builder_version=&#8221;4.16&#8243; _module_preset=&#8221;default&#8221; global_colors_info=&#8221;{}&#8221;][et_pb_column type=&#8221;4_4&#8243; _builder_version=&#8221;4.16&#8243; _module_preset=&#8221;default&#8221; global_colors_info=&#8221;{}&#8221;][et_pb_text _builder_version=&#8221;4.16&#8243; _module_preset=&#8221;default&#8221; global_colors_info=&#8221;{}&#8221;]<\/p>\n<p><strong>WER WIR SIND<\/strong><\/p>\n<p><span style=\"font-size: 16px;\">Wir sind <\/span><strong style=\"font-size: 16px;\">Green Ocean<\/strong><span style=\"font-size: 16px;\"> und <strong>machen den Unterschied<\/strong> in chemischer Verfahrenstechnik und Wasserkreislaufwirtschaft.<\/span><span style=\"font-size: 16px;\">\u00a0<\/span><\/p>\n<p>Green Ocean entwickelt, baut und betreibt <strong>bahnbrechende Abwasserbehandlungsverfahren<\/strong> und erm\u00f6glicht damit den hocheffizienten, umweltfreundlichen und kosteng\u00fcnstigen Zugang zur <strong>Wiederverwendung hochtoxischer Problemabw\u00e4sser<\/strong>.<\/p>\n<p><span style=\"font-size: 16px;\">Wir begreifen Abwasserbehandlung als innovative integrierte chemische Verfahrenstechnik und setzen dies auf eine Weise um, die in der traditionellen Abwasserbehandlung eine Revolution darstellt.<\/span><\/p>\n<p><span style=\"font-size: 16px;\"><strong>Unsere Mission<\/strong> ist, zum <strong>dringend ben\u00f6tigten Gew\u00e4sserschutz<\/strong> und zum <strong>Erhalt unseres blauen Planeten<\/strong> f\u00fcr das <strong>Leben zuk\u00fcnftiger Generationen<\/strong> nachhaltig beizutragen.<\/span><span style=\"font-size: 16px;\">\u00a0<\/span><\/p>\n<p><span style=\"font-size: 16px;\">Green Ocean ist <strong>dynamisch<\/strong> und das Gegenteil von gew\u00f6hnlich. Wir verbinden den <strong>schweizer Erfindergeist <\/strong>mit<strong> deutschem Engineering<\/strong> und mittelst\u00e4ndisch gepr\u00e4gtem <strong>Unternehmertum<\/strong> mit dem <strong>starken Engagement unserer internationalen Investoren<\/strong>. Unser Team aus motivierten Talenten mit unterschiedlichstem Hintergrund folgt <strong>echter Leidenschaft f\u00fcr Wasser und NextGen Technologien<\/strong>.<\/span><\/p>\n<p><span style=\"font-size: 16px;\">Wenn Du Dich dieser Herausforderung stellen, an <strong>hochinnovative<\/strong>n<strong> Projekte<\/strong>n arbeiten, <strong>Nachhaltigkeit<\/strong> in die<strong> Praxis umsetzen<\/strong> und Teil eines diversen Teams sein m\u00f6chtest, dessen Leidenschaft der <strong>Erhalt der wichtigsten Ressource unseres blauen Planeten<\/strong> ist, dann komm zu GreenOcean und <strong>wachse mit uns zusammen!<\/strong><\/span><span style=\"font-size: 16px;\">\u00a0<\/span><\/p>\n<p>&nbsp;<\/p>\n<p><strong style=\"font-size: 16px;\">WARUM <\/strong><strong style=\"font-size: 16px;\">ZU GREEN OCEAN<\/strong><span style=\"font-size: 16px;\">\u00a0<\/span><\/p>\n<ul>\n<li>Wir arbeiten an <strong>L\u00f6sungen f\u00fcr eine der gr\u00f6\u00dften Herausforderungen<\/strong>, die das Leben kommender Generation grundlegend bestimmt<\/li>\n<li>Green Ocean erm\u00f6glicht eine<strong> au\u00dfergew\u00f6hnliche Start-up-Reise<\/strong> mit entsprechenden <strong>Gestaltungsspielr\u00e4ume<\/strong>n<\/li>\n<li>Wir bieten<strong> gro\u00dfes Lernpotential<\/strong>, ein hohes Ma\u00df an <strong>Freiraum<\/strong> und die M\u00f6glichkeit, <strong>Dinge von Grund auf aufzubauen<\/strong><\/li>\n<li>Werde Teil eines <strong>agilen,<\/strong> <strong>vielf\u00e4ltigen<\/strong> und<strong> neugierigen Teams<\/strong> hochmotivierter <strong>Wasserenthusiasten<\/strong><\/li>\n<li>Green Ocean ist bestimmt von <strong>flache<\/strong>r<strong> Hierarchie<\/strong>, <strong>offene<\/strong>r<strong> Kommunikation<\/strong> und einem<strong> L\u00e4cheln<\/strong><span style=\"font-size: 16px;\">\u00a0<\/span><\/li>\n<\/ul>\n<p>&nbsp;<\/p>\n<p><b>DIE AUFGABE<\/b><span style=\"font-size: 16px;\">\u00a0<\/span><\/p>\n<p>Du leitest <strong>Projekte zur verfahrenstechnischen L\u00f6sung des Kundenproblems<\/strong> \u2013 unter Deiner Regie entsteht aus dem Abwasserproblem des Kunden ein chemisch-technisches Verfahren zur <strong>nachhaltigen Entsorgung<\/strong>:<\/p>\n<ul>\n<li><strong>Du analysierst<\/strong> gemeinsam mit den Ansprechpartnern des Kunden das Abwasserproblem und<strong> entwickelst L\u00f6sungskonzepte<\/strong> f\u00fcr die Durchf\u00fchrung von Laborversuchen<\/li>\n<li><strong>Du erarbeitest<\/strong> selbstst\u00e4ndig und koordinierst im Team chemisch-technische <strong>Verfahrensoptimierungen<\/strong>, <strong>Verfahrensentwicklungen<\/strong>, <strong>Pr\u00fcf- und Messmethoden<\/strong><\/li>\n<li><strong>Du bist interessiert<\/strong> an<strong> interdisziplin\u00e4ren Problemstellungen<\/strong> im Bereich der<strong> Umwelttechnik<\/strong><\/li>\n<li><strong>Du setzt<\/strong> die entwickelten <strong>L\u00f6sungen und Verfahren<\/strong> gemeinsam <strong>mit dem Kunden<\/strong> <strong>in die Praxis um<\/strong><\/li>\n<\/ul>\n<p>&nbsp;<\/p>\n<p><b>DEIN PROFIL<\/b><\/p>\n<ul>\n<li>Abgeschlossenes Studium des<strong> Chemieingenieurwesens<\/strong>, der<strong> chemischen Verfahrens-\/Prozesstechnik<\/strong> oder <strong>vergleichbaren chemisch-technischen Hintergrund<\/strong> (Master, Diplom, Techniker)<\/li>\n<li>Mind. <strong>3-5 Jahre Berufserfahrung<\/strong> im<strong> Labor<\/strong> und\/oder<strong> im Betrieb<\/strong><\/li>\n<li>Kenntnisse in<strong> Chemie, chemischer Reaktionstechnik<\/strong> und <strong>Analytik<\/strong>,<\/li>\n<li>Kenntnisse in <strong>Dimensionierung<\/strong>, <strong>Instrumentierung<\/strong> sowie<strong> Pr\u00fcf- und Messmethoden<\/strong><\/li>\n<li>Kenntnisse in <strong>Versuchsplanung<\/strong> und<strong> Auswertungsverfahren<\/strong> (z.B. MATLAB)<\/li>\n<li><strong>Analytisches Denkverm\u00f6gen<\/strong> und<strong> F\u00e4higkeit zu Wissenstransfer<\/strong> in neue Anwendungsfelder<\/li>\n<li><strong>Engagiert<\/strong>e,<strong> flexibl<\/strong>e,<strong> gewissenhaft<\/strong>e und<strong> kollaborative Arbeitsweise<\/strong><\/li>\n<li><strong>Zielorientiertes Denken<\/strong> und<strong> Handeln<\/strong><\/li>\n<li>Bereitschaft, <strong>Verantwortung<\/strong> zu \u00fcbernehmen und sich in die<strong> Perspektive des Gegen\u00fcber<\/strong> hineinzuversetzen<\/li>\n<li>Geschick im <strong>Umgang mit Kunden<\/strong><\/li>\n<li>Flie\u00dfendes <strong>Deutsch<\/strong> und <strong>Englisch<\/strong><\/li>\n<\/ul>\n<p><strong><\/strong><\/p>\n<p><strong><\/strong><\/p>\n<p><strong>WEITERES VORGEHEN UND\u00a0AUSWAHLVERFAHREN<\/strong><\/p>\n<p><strong> <\/strong><\/p>\n<p><strong><\/strong><\/p>\n<p>Wir freuen uns auf Dein <strong>Motivationsschreiben<\/strong>, in dem Du uns zeigst, was Dich f\u00fcr diese Position begeistert und wie Du daraus Dein pers\u00f6nliches <strong><em>\u2018Next Big Thing\u2018<\/em>\u00a0<\/strong> machst und Deine Erfahrungen und Kenntnisse einbringst.<\/p>\n<p>F\u00fcge bitte Deinen <strong>CV, Zeugnisse,<\/strong> gewu\u0308nschten<strong> Eintrittstermin<\/strong> und<strong> Gehaltswunsch<\/strong> ebenfalls bei und sende an:<\/p>\n<p style=\"text-align: center;\"><span style=\"color: #0d10d8;\"><a href=\"mailto:career@greenocean.tech\" style=\"color: #0d10d8;\">career@greenocean.tech<\/a><\/span><\/p>\n<p><a href=\"mailto:career@greenocean.tech\"> <\/a><\/p>\n<p><a href=\"mailto:career@greenocean.tech\"><\/a><\/p>\n<p>Nach Durchsicht Deiner Unterlagen melden wir uns zeitnah bei Dir mit einem Terminvorschlag f\u00fcr ein erstes Kennenlernen via VideoCall oder Telefon. Bei beidseitig positivem Eindruck lernen wir uns anschlie\u00dfend rasch vor Ort kennen.<\/p>\n<p>Eine finale Entscheidung f\u00e4llt unsererseits nach 1-2 gemeinsamen Fachgespr\u00e4chen mit Deinen zuk\u00fcnftigen KollegInnen.<\/p>\n<p>&nbsp;<\/p>\n<p><strong>M\u00d6CHTEST DU MEHR \u00dcBER UNS ERFAHREN?<\/strong><\/p>\n<p><span style=\"font-size: 16px;\"><\/span><a href=\"http:\/\/www.greenocean.tech\" style=\"font-size: 16px;\"><span style=\"color: #0d10d8;\">www.greenocean.tech<\/span><\/a><\/p>\n<p>&nbsp;<\/p>\n<p>[\/et_pb_text][\/et_pb_column][\/et_pb_row][\/et_pb_section][et_pb_section fb_built=&#8221;1&#8243; module_class=&#8221;c-footer&#8221; _builder_version=&#8221;4.16&#8243; _module_preset=&#8221;default&#8221; global_colors_info=&#8221;{}&#8221;][et_pb_row _builder_version=&#8221;3.25&#8243; background_size=&#8221;initial&#8221; background_position=&#8221;top_left&#8221; background_repeat=&#8221;repeat&#8221; global_module=&#8221;3982&#8243; global_colors_info=&#8221;{}&#8221;][et_pb_column type=&#8221;4_4&#8243; _builder_version=&#8221;4.16&#8243; custom_padding=&#8221;|||&#8221; global_colors_info=&#8221;{}&#8221; custom_padding__hover=&#8221;|||&#8221;][et_pb_text _builder_version=&#8221;4.16&#8243; vertical_offset_tablet=&#8221;0&#8243; horizontal_offset_tablet=&#8221;0&#8243; z_index_tablet=&#8221;0&#8243; text_text_shadow_horizontal_length_tablet=&#8221;0px&#8221; text_text_shadow_vertical_length_tablet=&#8221;0px&#8221; text_text_shadow_blur_strength_tablet=&#8221;1px&#8221; link_text_shadow_horizontal_length_tablet=&#8221;0px&#8221; link_text_shadow_vertical_length_tablet=&#8221;0px&#8221; link_text_shadow_blur_strength_tablet=&#8221;1px&#8221; ul_text_shadow_horizontal_length_tablet=&#8221;0px&#8221; ul_text_shadow_vertical_length_tablet=&#8221;0px&#8221; ul_text_shadow_blur_strength_tablet=&#8221;1px&#8221; ol_text_shadow_horizontal_length_tablet=&#8221;0px&#8221; ol_text_shadow_vertical_length_tablet=&#8221;0px&#8221; ol_text_shadow_blur_strength_tablet=&#8221;1px&#8221; quote_text_shadow_horizontal_length_tablet=&#8221;0px&#8221; quote_text_shadow_vertical_length_tablet=&#8221;0px&#8221; quote_text_shadow_blur_strength_tablet=&#8221;1px&#8221; header_text_shadow_horizontal_length_tablet=&#8221;0px&#8221; header_text_shadow_vertical_length_tablet=&#8221;0px&#8221; header_text_shadow_blur_strength_tablet=&#8221;1px&#8221; header_2_text_shadow_horizontal_length_tablet=&#8221;0px&#8221; header_2_text_shadow_vertical_length_tablet=&#8221;0px&#8221; header_2_text_shadow_blur_strength_tablet=&#8221;1px&#8221; header_3_text_shadow_horizontal_length_tablet=&#8221;0px&#8221; header_3_text_shadow_vertical_length_tablet=&#8221;0px&#8221; header_3_text_shadow_blur_strength_tablet=&#8221;1px&#8221; header_4_text_shadow_horizontal_length_tablet=&#8221;0px&#8221; header_4_text_shadow_vertical_length_tablet=&#8221;0px&#8221; header_4_text_shadow_blur_strength_tablet=&#8221;1px&#8221; header_5_text_shadow_horizontal_length_tablet=&#8221;0px&#8221; header_5_text_shadow_vertical_length_tablet=&#8221;0px&#8221; header_5_text_shadow_blur_strength_tablet=&#8221;1px&#8221; header_6_text_shadow_horizontal_length_tablet=&#8221;0px&#8221; header_6_text_shadow_vertical_length_tablet=&#8221;0px&#8221; header_6_text_shadow_blur_strength_tablet=&#8221;1px&#8221; box_shadow_horizontal_tablet=&#8221;0px&#8221; box_shadow_vertical_tablet=&#8221;0px&#8221; box_shadow_blur_tablet=&#8221;40px&#8221; box_shadow_spread_tablet=&#8221;0px&#8221; global_colors_info=&#8221;{}&#8221;]<\/p>\n<h2>Wenn nicht jetzt, wann dann&#8230; werde Teil von GreenOcean!<\/h2>\n<h4>Wir sind neugierig auf Dich!<\/h4>\n<div class=\"register-footer\">\n<div class=\"social-links\"><a class=\"overlay-link contact\" href=\"https:\/\/www.greenocean.tech\/kontakt\/\"><span>GO for contact<\/span><\/a><br \/>\n<a class=\"overlay-link mail\" href=\"mailto:Info@greenocean.tech\"><span>GO for mail<\/span><\/a><br \/>\n<a class=\"overlay-link linkedin\" href=\"https:\/\/www.linkedin.com\/in\/peter-muth-684b9927\/\" target=\"_blank\" rel=\"noopener noreferrer\"><span>GO for LinkedIn<\/span><\/a><\/div>\n<\/div>\n<p>[\/et_pb_text][\/et_pb_column][\/et_pb_row][\/et_pb_section]<\/p>\n","protected":false},"excerpt":{"rendered":"<p>CHEMIE-INGENIEUR \/ UMWELTTECHNIK \/ WATER SCIENCE\u00a0 \u2212 \u00a0INGENIEUR \/ TECHNIKER (m\/w\/d) Anlagenplanung, -bau und Inbetriebsetzung von NextGen AbwassertechnologieBottrop\/Metropole Ruhr, Deutschland \u00a0\u2013 \u00a0Voll-\/TeilzeitBeschreibungChemie-Ingenieur \/ Ingenieur Umwelttechnik \/ M.Sc. Water ScienceBottrop\/Metropole Ruhr, DeutschlandWER WIR SIND Wir sind Green Ocean und machen den Unterschied in chemischer Verfahrenstechnik und Wasserkreislaufwirtschaft.\u00a0 Green Ocean entwickelt, baut und betreibt bahnbrechende Abwasserbehandlungsverfahren und [&hellip;]<\/p>\n","protected":false},"author":1,"featured_media":0,"parent":0,"menu_order":0,"comment_status":"closed","ping_status":"closed","template":"","meta":{"_et_pb_use_builder":"on","_et_pb_old_content":"","_et_gb_content_width":"","inline_featured_image":false},"_links":{"self":[{"href":"https:\/\/www.greenocean.tech\/en\/wp-json\/wp\/v2\/pages\/3656"}],"collection":[{"href":"https:\/\/www.greenocean.tech\/en\/wp-json\/wp\/v2\/pages"}],"about":[{"href":"https:\/\/www.greenocean.tech\/en\/wp-json\/wp\/v2\/types\/page"}],"author":[{"embeddable":true,"href":"https:\/\/www.greenocean.tech\/en\/wp-json\/wp\/v2\/users\/1"}],"replies":[{"embeddable":true,"href":"https:\/\/www.greenocean.tech\/en\/wp-json\/wp\/v2\/comments?post=3656"}],"version-history":[{"count":59,"href":"https:\/\/www.greenocean.tech\/en\/wp-json\/wp\/v2\/pages\/3656\/revisions"}],"predecessor-version":[{"id":5238,"href":"https:\/\/www.greenocean.tech\/en\/wp-json\/wp\/v2\/pages\/3656\/revisions\/5238"}],"wp:attachment":[{"href":"https:\/\/www.greenocean.tech\/en\/wp-json\/wp\/v2\/media?parent=3656"}],"curies":[{"name":"wp","href":"https:\/\/api.w.org\/{rel}","templated":true}]}}