{"id":4163,"date":"2024-01-05T14:35:32","date_gmt":"2024-01-05T14:35:32","guid":{"rendered":"https:\/\/www.greenocean.tech\/?page_id=4163"},"modified":"2026-02-21T19:50:10","modified_gmt":"2026-02-21T19:50:10","slug":"hr-chemielaborant","status":"publish","type":"page","link":"https:\/\/www.greenocean.tech\/en\/hr-chemielaborant\/","title":{"rendered":"HR-Chemielaborant"},"content":{"rendered":"<p>[et_pb_section fb_built=&#8221;1&#8243; admin_label=&#8221;Services&#8221; _builder_version=&#8221;4.16&#8243; vertical_offset_tablet=&#8221;0&#8243; horizontal_offset_tablet=&#8221;0&#8243; custom_padding=&#8221;90px|0px|90px|0px&#8221; box_shadow_horizontal_tablet=&#8221;0px&#8221; box_shadow_vertical_tablet=&#8221;0px&#8221; box_shadow_blur_tablet=&#8221;40px&#8221; box_shadow_spread_tablet=&#8221;0px&#8221; global_colors_info=&#8221;{}&#8221;][et_pb_row _builder_version=&#8221;4.16&#8243; _module_preset=&#8221;default&#8221; global_colors_info=&#8221;{}&#8221;][et_pb_column type=&#8221;4_4&#8243; _builder_version=&#8221;4.16&#8243; _module_preset=&#8221;default&#8221; global_colors_info=&#8221;{}&#8221;][et_pb_text _builder_version=&#8221;4.20.2&#8243; _module_preset=&#8221;default&#8221; global_colors_info=&#8221;{}&#8221;]<\/p>\n<h1 style=\"text-align: center;\"><strong>LABORFACHKRAFT <\/strong>(m\/w\/d)<\/h1>\n<h3 style=\"text-align: center;\">Analytik &amp; Versuchsdurchf\u00fchrung \u2013 Bottrop\/Metropolregion Ruhr, Deutschland \u2013 Voll-\/Teilzeit<\/h3>\n<p>[\/et_pb_text][\/et_pb_column][\/et_pb_row][et_pb_row _builder_version=&#8221;4.16&#8243; _module_preset=&#8221;default&#8221; global_colors_info=&#8221;{}&#8221;][et_pb_column type=&#8221;4_4&#8243; _builder_version=&#8221;4.16&#8243; _module_preset=&#8221;default&#8221; global_colors_info=&#8221;{}&#8221;][et_pb_text _builder_version=&#8221;4.16&#8243; _module_preset=&#8221;default&#8221; global_colors_info=&#8221;{}&#8221;]<\/p>\n<p><strong>Beschreibung<\/strong><strong><br \/>Laborfachkraft (m\/w\/d)<br \/>Bottrop\/Metropolregion Ruhr, Deutschland<\/strong><\/p>\n<p>[\/et_pb_text][\/et_pb_column][\/et_pb_row][et_pb_row _builder_version=&#8221;4.16&#8243; _module_preset=&#8221;default&#8221; global_colors_info=&#8221;{}&#8221;][et_pb_column type=&#8221;4_4&#8243; _builder_version=&#8221;4.16&#8243; _module_preset=&#8221;default&#8221; global_colors_info=&#8221;{}&#8221;][et_pb_text _builder_version=&#8221;4.16&#8243; _module_preset=&#8221;default&#8221; global_colors_info=&#8221;{}&#8221;]<\/p>\n<p><strong>WER WIR SIND<\/strong><\/p>\n<p><span style=\"font-size: 16px;\">Wir sind <\/span><strong style=\"font-size: 16px;\">GreenOcean<\/strong><span style=\"font-size: 16px;\"> und machen den <strong>Unterschied<\/strong> in <strong>chemischer Verfahrenstechnik<\/strong> und <strong>Wasserkreislaufwirtschaft<\/strong>.<\/span><span style=\"font-size: 16px;\">\u00a0<\/span><\/p>\n<p>Green Ocean entwickelt, baut und betreibt <strong>bahnbrechende Abwasserbehandlungsanlagen<\/strong> und erm\u00f6glicht damit einen hocheffizienten, umweltfreundlichen und kosteng\u00fcnstigen Zugang zur Wiederverwendung hochtoxischer Problemabw\u00e4sser.<\/p>\n<p><span style=\"font-size: 16px;\"><strong>Unsere Mission<\/strong> ist, zum<strong> dringend ben\u00f6tigten Gew\u00e4sserschutz<\/strong> und zum<strong> Erhalt unseres blauen Planeten<\/strong> f\u00fcr das <strong>Leben zuk\u00fcnftiger Generationen<\/strong> nachhaltig <strong>bei<\/strong>zu<strong>tragen<\/strong>.<\/span><span style=\"font-size: 16px;\">\u00a0<\/span><\/p>\n<p><span style=\"font-size: 16px;\">Wir begreifen <strong>Abwasserbehandlung als innovative integrierte chemische Verfahrenstechnik<\/strong> und setzen dies auf eine Weise um, die in der traditionellen Abwasserbehandlung eine Revolution darstellt.<\/span><\/p>\n<p><span style=\"font-size: 16px;\">GreenOcean ist<strong> dynamisch<\/strong> und das<strong> Gegenteil von gew\u00f6hnlich<\/strong>. Wir verbinden<strong> DeepTech\u00a0Engineering<\/strong> mit mittelst\u00e4ndisch gepr\u00e4gtem <strong>Unternehmertum<\/strong> und dem starken Engagement unserer internationalen Investoren. Unser Team aus motivierten Talenten mit unterschiedlichstem Hintergrund verbindet <strong>echte Leidenschaft f\u00fcr Wasser und NextGen Technologien<\/strong>.<\/span><\/p>\n<p><span style=\"font-size: 16px;\">Wenn Du Dich dieser <strong>Herausforderung<\/strong> stellen, an<strong> hoch innovativen Projekte<\/strong>n arbeiten, <strong>Nachhaltigkeit in<\/strong> die<strong> Praxis umsetzen<\/strong> und Teil eines diversen Teams sein m\u00f6chtest, dessen <strong>Leidenschaft<\/strong> der <strong>Erhalt der wichtigsten Ressource unseres blauen Planeten<\/strong> ist, dann komm zu GreenOcean und wachse mit uns zusammen!<\/span><span style=\"font-size: 16px;\">\u00a0<\/span><\/p>\n<p>&nbsp;<\/p>\n<p><strong style=\"font-size: 16px;\">WARUM <\/strong><strong style=\"font-size: 16px;\">ZU GREENOCEAN<\/strong><span style=\"font-size: 16px;\">\u00a0<\/span><\/p>\n<ul>\n<li>Wir arbeiten an <strong>L\u00f6sungen f\u00fcr eine der gr\u00f6\u00dften Herausforderungen<\/strong>, die das Leben kommender Generation grundlegend bestimmt<\/li>\n<li>Green Ocean erm\u00f6glicht eine <strong>au\u00dfergew\u00f6hnliche Start-up-Reise<\/strong> mit entsprechenden <strong>Gestaltungsspielr\u00e4ume<\/strong>n<\/li>\n<li>Wir bieten <strong>gro\u00dfes Lernpotential<\/strong>, ein hohes Ma\u00df an<strong> Freiheit<\/strong> mit <strong>flache<\/strong>n<strong> Hierarchien, <\/strong><strong>offener Kommunikation<\/strong> und einem<strong> L\u00e4cheln<\/strong><\/li>\n<li>Werde Teil eines agilen, <strong>vielf\u00e4ltigen<\/strong> und<strong> neugierigen Teams<\/strong> , das sich den <strong>Erhalt<\/strong> der<strong> wichtigsten Ressource unseres <\/strong>blauen<strong> Planeten<\/strong> <strong>zur Aufgabe<\/strong> gemacht hat.<span style=\"font-size: 16px;\"><br \/><\/span><\/li>\n<\/ul>\n<p>&nbsp;<\/p>\n<p><b>DEINE AUFGABEN<\/b><span style=\"font-size: 16px;\"> <\/span><\/p>\n<ul>\n<li><strong><\/strong><\/li>\n<li><strong><\/strong><\/li>\n<li><strong><\/strong><\/li>\n<li>Du bist f\u00fcr die selbst\u00e4ndige <strong>Vorbereitung<\/strong> und<strong> Durchf\u00fchrung<\/strong> von<strong> Experimenten<\/strong> im kleinen Ma\u00dfstab verantwortlich<\/li>\n<li>Du f\u00fchrst <strong>Routine- und Spezialanalysen<\/strong> durch (z.B. Titrationen, Spektroskopie, chromatographische Methoden, Nasschemie)<\/li>\n<li>Du bedienst unsere <strong>3,5-L-Anlage<\/strong> nach intensiver Einarbeitung \u2013 <strong>keine Wartung<\/strong> erforderlich, aber <strong>sicheres Handling<\/strong> vorausgesetzt.<\/li>\n<li>Du f\u00fchrst die regelm\u00e4\u00dfige <strong>Kalibrierung<\/strong> und<strong> Funktionskontrolle<\/strong> deiner Ger\u00e4te durch.<\/li>\n<li>Du <strong>dokumentierst<\/strong> alle Versuchsschritte<strong> digital<\/strong><\/li>\n<li>Du meldest <strong>Abweichungen oder St\u00f6rungen<\/strong> \u2013 du bist unser Fr\u00fchwarnsystem<\/li>\n<li><span style=\"font-size: 16px;\">Als Teil des Teams arbeitest Du<\/span><strong style=\"font-size: 16px;\"> aktiv<\/strong><span style=\"font-size: 16px;\"> an der<\/span><strong style=\"font-size: 16px;\"> Entwicklung neuer chemisch-technischer Verfahren<\/strong><span style=\"font-size: 16px;\"> und hast<\/span><strong style=\"font-size: 16px;\"> Interesse an<\/strong><span style=\"font-size: 16px;\"> der<\/span><strong style=\"font-size: 16px;\"> Prozessoptimierung<\/strong><\/li>\n<\/ul>\n<p><b><\/b><\/p>\n<p><b><\/b><\/p>\n<p><b><\/b><\/p>\n<p><b>DEIN PROFIL<\/b><\/p>\n<ul>\n<li><strong><\/strong><\/li>\n<li><strong><\/strong><\/li>\n<li>Du hast eine<strong> abgeschlossene Ausbildung<\/strong> als<strong> CTA, BTA, PTA <\/strong>oder <strong>vergleichbarer Abschlu\u00df <\/strong>(z.B. Bachelor Chemie oder Labortechnik)<\/li>\n<li>Du verf\u00fcgst \u00fcber mindestens <strong>2 Jahre Laborerfahrung<\/strong><span>, idealerweise mit chromatographischen Methoden und klassischer Nasschemie<\/span><\/li>\n<li><span style=\"font-size: 16px;\">Du gehst sicher \u00a0mit <strong>Laborger\u00e4ten<\/strong> und <strong>Gefahrenstoffen<\/strong> um<\/span><\/li>\n<li>Du bist vertraut im Umgang mit <strong>Office-Anwendungen<\/strong> und dem <strong>Computer<\/strong><\/li>\n<\/ul>\n<p><strong><\/strong><\/p>\n<ul>\n<li>Du arbeitest<strong> sorgf\u00e4ltig<\/strong>, <strong>strukturiert<\/strong> und <strong>gewissenhaft<\/strong><\/li>\n<li>Du meldest <strong>Unklarheiten<\/strong>, bevor sie zu<strong> Problemen<\/strong> werden<\/li>\n<li>Du bist<strong> p\u00fcnktlich, zuverl\u00e4ssig<\/strong> \u2013 und beh\u00e4ltst auch bei<strong> Routineaufgaben<\/strong> den<strong> Anspruch an Qualit\u00e4t<\/strong><\/li>\n<li>Du zeichnest dich durch<strong> Engagement, Flexibilit\u00e4t <\/strong>und eine<strong> kollaborative Arbeitsweise<\/strong> aus<\/li>\n<\/ul>\n<ul><\/ul>\n<ul><\/ul>\n<p>&nbsp;<\/p>\n<p><b>WIR BIETEN<\/b><\/p>\n<ul>\n<li><strong>Attraktive Verg\u00fctung:<\/strong> Wir bieten dir eine wettbewerbsf\u00e4hige Bezahlung, die deiner Qualifikation und Erfahrung entspricht.<\/li>\n<li><strong>Unbefristeter Arbeitsvertrag:<\/strong> Wir wollen mit Dir langfristig zusammenarbeiten und bieten Perspektiven<\/li>\n<li><strong>Flexible Arbeitszeiten:<\/strong> Deine Wochenarbeitszeit betr\u00e4gt zwischen 20 und 40 Stunden, und wir unterst\u00fctzen moderne Arbeitszeitmodelle, um Deine Bed\u00fcrfnisse optimal zu ber\u00fccksichtigen.<\/li>\n<li><strong>Work-Life-Balance:<\/strong> Wir legen Wert auf Deine Work-Life-Balance und gew\u00e4hren Dir 28 Urlaubstage im Jahr.<\/li>\n<li><strong>Moderne Ausstattung<\/strong>: Du bekommst ein personalisiertes Notebook f\u00fcr Deine Arbeit, das Deine Flexibilit\u00e4t und Effizienz erh\u00f6ht.<\/li>\n<\/ul>\n<p style=\"text-align: center;\"><b><\/b><\/p>\n<p style=\"text-align: center;\"><b><\/b><\/p>\n<p>&nbsp;<\/p>\n<p style=\"text-align: center;\"><b>HABEN WIR DICH NEUGIERIG GEMACHT?<\/b><\/p>\n<p style=\"font-weight: 400;\">Wir freuen uns auf Dein <strong>Motivationsschreiben<\/strong>, in dem Du uns zeigst, was Dich f\u00fcr diese Position begeistert und wie Du Deine Erfahrungen und Kenntnisse bei Green Ocean einbringst.<\/p>\n<p style=\"font-weight: 400;\">Sende uns bitte Deinen<strong> Lebenslauf, Zeugnisse<\/strong> mit gewu\u0308nschten<strong> Eintrittstermin<\/strong> und<strong> Gehaltswunsch<\/strong> an:<\/p>\n<p style=\"font-weight: 400; text-align: center;\"><a href=\"mailto:career@greenocean.tech\"><span style=\"color: #0c1dd3;\">career@greenocean.tech<\/span><\/a><\/p>\n<p><span style=\"font-size: 16px;\"><\/span><\/p>\n<p><span style=\"font-size: 16px;\">Nach Durchsicht Deiner Unterlagen melden wir uns zeitnah bei Dir mit einem Terminvorschlag f\u00fcr ein erstes Kennenlernen via Telefonat. Bei beidseitig positivem Eindruck lernen wir uns anschlie\u00dfend rasch vor Ort kennen.<\/span><span style=\"font-size: 16px;\"><\/span><span style=\"font-size: 16px;\"><\/span><\/p>\n<p>&nbsp;<\/p>\n<p><strong>M\u00d6CHTEST DU MEHR \u00dcBER UNS ERFAHREN?<\/strong><\/p>\n<p><span style=\"font-size: 16px;\"><\/span><span style=\"color: #0c1dd3;\"><a href=\"http:\/\/www.greenocean.tech\" style=\"font-size: 16px; color: #0c1dd3;\">www.greenocean.tech<\/a><\/span><\/p>\n<p>[\/et_pb_text][\/et_pb_column][\/et_pb_row][\/et_pb_section][et_pb_section fb_built=&#8221;1&#8243; module_class=&#8221;c-footer&#8221; _builder_version=&#8221;4.16&#8243; _module_preset=&#8221;default&#8221; global_colors_info=&#8221;{}&#8221;][et_pb_row _builder_version=&#8221;3.25&#8243; background_size=&#8221;initial&#8221; background_position=&#8221;top_left&#8221; background_repeat=&#8221;repeat&#8221; global_module=&#8221;3982&#8243; global_colors_info=&#8221;{}&#8221;][et_pb_column type=&#8221;4_4&#8243; _builder_version=&#8221;4.16&#8243; custom_padding=&#8221;|||&#8221; global_colors_info=&#8221;{}&#8221; custom_padding__hover=&#8221;|||&#8221;][et_pb_text _builder_version=&#8221;4.16&#8243; vertical_offset_tablet=&#8221;0&#8243; horizontal_offset_tablet=&#8221;0&#8243; z_index_tablet=&#8221;0&#8243; text_text_shadow_horizontal_length_tablet=&#8221;0px&#8221; text_text_shadow_vertical_length_tablet=&#8221;0px&#8221; text_text_shadow_blur_strength_tablet=&#8221;1px&#8221; link_text_shadow_horizontal_length_tablet=&#8221;0px&#8221; link_text_shadow_vertical_length_tablet=&#8221;0px&#8221; link_text_shadow_blur_strength_tablet=&#8221;1px&#8221; ul_text_shadow_horizontal_length_tablet=&#8221;0px&#8221; ul_text_shadow_vertical_length_tablet=&#8221;0px&#8221; ul_text_shadow_blur_strength_tablet=&#8221;1px&#8221; ol_text_shadow_horizontal_length_tablet=&#8221;0px&#8221; ol_text_shadow_vertical_length_tablet=&#8221;0px&#8221; ol_text_shadow_blur_strength_tablet=&#8221;1px&#8221; quote_text_shadow_horizontal_length_tablet=&#8221;0px&#8221; quote_text_shadow_vertical_length_tablet=&#8221;0px&#8221; quote_text_shadow_blur_strength_tablet=&#8221;1px&#8221; header_text_shadow_horizontal_length_tablet=&#8221;0px&#8221; header_text_shadow_vertical_length_tablet=&#8221;0px&#8221; header_text_shadow_blur_strength_tablet=&#8221;1px&#8221; header_2_text_shadow_horizontal_length_tablet=&#8221;0px&#8221; header_2_text_shadow_vertical_length_tablet=&#8221;0px&#8221; header_2_text_shadow_blur_strength_tablet=&#8221;1px&#8221; header_3_text_shadow_horizontal_length_tablet=&#8221;0px&#8221; header_3_text_shadow_vertical_length_tablet=&#8221;0px&#8221; header_3_text_shadow_blur_strength_tablet=&#8221;1px&#8221; header_4_text_shadow_horizontal_length_tablet=&#8221;0px&#8221; header_4_text_shadow_vertical_length_tablet=&#8221;0px&#8221; header_4_text_shadow_blur_strength_tablet=&#8221;1px&#8221; header_5_text_shadow_horizontal_length_tablet=&#8221;0px&#8221; header_5_text_shadow_vertical_length_tablet=&#8221;0px&#8221; header_5_text_shadow_blur_strength_tablet=&#8221;1px&#8221; header_6_text_shadow_horizontal_length_tablet=&#8221;0px&#8221; header_6_text_shadow_vertical_length_tablet=&#8221;0px&#8221; header_6_text_shadow_blur_strength_tablet=&#8221;1px&#8221; box_shadow_horizontal_tablet=&#8221;0px&#8221; box_shadow_vertical_tablet=&#8221;0px&#8221; box_shadow_blur_tablet=&#8221;40px&#8221; box_shadow_spread_tablet=&#8221;0px&#8221; global_colors_info=&#8221;{}&#8221;]<\/p>\n<h2>Wenn nicht jetzt, wann dann&#8230; werde Teil von GreenOcean!<\/h2>\n<h4>Wir sind neugierig auf Dich!<\/h4>\n<div class=\"register-footer\">\n<div class=\"social-links\"><a class=\"overlay-link contact\" href=\"https:\/\/www.greenocean.tech\/kontakt\/\"><span>GO for contact<\/span><\/a><br \/>\n<a class=\"overlay-link mail\" href=\"mailto:Info@greenocean.tech\"><span>GO for mail<\/span><\/a><br \/>\n<a class=\"overlay-link linkedin\" href=\"https:\/\/www.linkedin.com\/in\/peter-muth-684b9927\/\" target=\"_blank\" rel=\"noopener noreferrer\"><span>GO for LinkedIn<\/span><\/a><\/div>\n<\/div>\n<p>[\/et_pb_text][\/et_pb_column][\/et_pb_row][\/et_pb_section]<\/p>\n","protected":false},"excerpt":{"rendered":"<p>LABORFACHKRAFT (m\/w\/d) Analytik &amp; Versuchsdurchf\u00fchrung \u2013 Bottrop\/Metropolregion Ruhr, Deutschland \u2013 Voll-\/TeilzeitBeschreibungLaborfachkraft (m\/w\/d)Bottrop\/Metropolregion Ruhr, DeutschlandWER WIR SIND Wir sind GreenOcean und machen den Unterschied in chemischer Verfahrenstechnik und Wasserkreislaufwirtschaft.\u00a0 Green Ocean entwickelt, baut und betreibt bahnbrechende Abwasserbehandlungsanlagen und erm\u00f6glicht damit einen hocheffizienten, umweltfreundlichen und kosteng\u00fcnstigen Zugang zur Wiederverwendung hochtoxischer Problemabw\u00e4sser. Unsere Mission ist, zum dringend ben\u00f6tigten [&hellip;]<\/p>\n","protected":false},"author":1,"featured_media":0,"parent":0,"menu_order":0,"comment_status":"closed","ping_status":"closed","template":"","meta":{"_et_pb_use_builder":"on","_et_pb_old_content":"","_et_gb_content_width":"","inline_featured_image":false},"_links":{"self":[{"href":"https:\/\/www.greenocean.tech\/en\/wp-json\/wp\/v2\/pages\/4163"}],"collection":[{"href":"https:\/\/www.greenocean.tech\/en\/wp-json\/wp\/v2\/pages"}],"about":[{"href":"https:\/\/www.greenocean.tech\/en\/wp-json\/wp\/v2\/types\/page"}],"author":[{"embeddable":true,"href":"https:\/\/www.greenocean.tech\/en\/wp-json\/wp\/v2\/users\/1"}],"replies":[{"embeddable":true,"href":"https:\/\/www.greenocean.tech\/en\/wp-json\/wp\/v2\/comments?post=4163"}],"version-history":[{"count":12,"href":"https:\/\/www.greenocean.tech\/en\/wp-json\/wp\/v2\/pages\/4163\/revisions"}],"predecessor-version":[{"id":5446,"href":"https:\/\/www.greenocean.tech\/en\/wp-json\/wp\/v2\/pages\/4163\/revisions\/5446"}],"wp:attachment":[{"href":"https:\/\/www.greenocean.tech\/en\/wp-json\/wp\/v2\/media?parent=4163"}],"curies":[{"name":"wp","href":"https:\/\/api.w.org\/{rel}","templated":true}]}}