{"id":4993,"date":"2024-08-08T16:45:46","date_gmt":"2024-08-08T16:45:46","guid":{"rendered":"https:\/\/www.greenocean.tech\/?page_id=4993"},"modified":"2024-08-08T16:49:48","modified_gmt":"2024-08-08T16:49:48","slug":"hr-lab-chemist","status":"publish","type":"page","link":"https:\/\/www.greenocean.tech\/en\/hr-lab-chemist\/","title":{"rendered":"HR-Lab Chemist"},"content":{"rendered":"<p>[et_pb_section fb_built=&#8221;1&#8243; _builder_version=&#8221;4.16&#8243; _module_preset=&#8221;default&#8221; global_colors_info=&#8221;{}&#8221;][et_pb_row _builder_version=&#8221;4.16&#8243; _module_preset=&#8221;default&#8221; global_colors_info=&#8221;{}&#8221;][et_pb_column type=&#8221;4_4&#8243; _builder_version=&#8221;4.16&#8243; _module_preset=&#8221;default&#8221; global_colors_info=&#8221;{}&#8221;][et_pb_text _builder_version=&#8221;4.20.2&#8243; _module_preset=&#8221;default&#8221; global_colors_info=&#8221;{}&#8221;]<\/p>\n<h1 style=\"text-align: center;\"><strong>LABORATORY CHEMIST \/ CHEMICAL-TECHNICAL ASSISTANT\u00a0<\/strong>(m\/w\/d)<\/h1>\n<h3 style=\"text-align: center;\">Laboratory Equipment Operation \/ Laboratory Analysis \u2013 Metropolis Area Ruhr, Germany \u2013 50%\/100%<\/h3>\n<p>[\/et_pb_text][\/et_pb_column][\/et_pb_row][et_pb_row _builder_version=&#8221;4.16&#8243; _module_preset=&#8221;default&#8221; global_colors_info=&#8221;{}&#8221;][et_pb_column type=&#8221;4_4&#8243; _builder_version=&#8221;4.16&#8243; _module_preset=&#8221;default&#8221; global_colors_info=&#8221;{}&#8221;][et_pb_text _builder_version=&#8221;4.20.2&#8243; _module_preset=&#8221;default&#8221; global_colors_info=&#8221;{}&#8221;]<\/p>\n<p><strong>Description<br \/>Chemical Technical Laboratory \/ Laboratory Assistant<br \/>Metropolis Area Ruhr, Germany<\/strong><\/p>\n<p>[\/et_pb_text][\/et_pb_column][\/et_pb_row][et_pb_row _builder_version=&#8221;4.16&#8243; _module_preset=&#8221;default&#8221; global_colors_info=&#8221;{}&#8221;][et_pb_column type=&#8221;4_4&#8243; _builder_version=&#8221;4.16&#8243; _module_preset=&#8221;default&#8221; global_colors_info=&#8221;{}&#8221;][et_pb_text _builder_version=&#8221;4.20.2&#8243; _module_preset=&#8221;default&#8221; global_colors_info=&#8221;{}&#8221;]<\/p>\n<p><strong>WER WIR SIND<\/strong><\/p>\n<p>Wir sind <strong>GreenOcean<\/strong> und machen den Unterschied in chemischer Verfahrenstechnik und Wasserkreislaufwirtschaft.<\/p>\n<p>GreenOcean entwickelt, baut und betreibt <strong>bahnbrechende Abwasserbehandlungsanlagen<\/strong> und erm\u00f6glicht damit einen hocheffizienten, umweltfreundlichen und kosteng\u00fcnstigen Zugang zur Wiederverwendung toxischer Problemabw\u00e4sser.<\/p>\n<p><strong>Unsere Mission<\/strong> ist, zum <strong>dringend ben\u00f6tigten Gew\u00e4sserschutz<\/strong> und zum <strong>Erhalt unseres blauen Planeten<\/strong> f\u00fcr das <strong>Leben zuk\u00fcnftiger Generationen<\/strong> nachhaltig <strong>bei<\/strong>zu<strong>tragen<\/strong>.<\/p>\n<p>Wir begreifen <strong>Abwasserbehandlung als innovative integrierte chemische Verfahrenstechnik<\/strong> und setzen dies auf eine Weise um, die in der traditionellen Abwasserbehandlung eine Revolution darstellt.<\/p>\n<p>GreenOcean ist <strong>dynamisch<\/strong> und das Gegenteil von gew\u00f6hnlich. Wir verbinden den <strong>schweizer Anspruch an Engineering<\/strong> mit mittelst\u00e4ndisch gepr\u00e4gtem<strong> Unternehmertum<\/strong> und dem starken Engagement unserer internationalen Investoren. Unser Team aus motivierten Talenten mit unterschiedlichstem Hintergrund verbindet <strong>echte Leidenschaft f\u00fcr Wasser und NextGen Technologien<\/strong>.<\/p>\n<p>Wenn Du Dich dieser Herausforderung stellen, an <strong>hoch innovativen Projekte<\/strong>n arbeiten, <strong>Nachhaltigkeit in<\/strong> der<strong> Praxis umsetzen<\/strong> und Teil eines Teams sein m\u00f6chtest, dessen Leidenschaft der <strong>Erhalt der wichtigsten Ressource unseres blauen Planeten<\/strong> ist, dann komme zu GreenOcean und wachse mit uns zusammen!<\/p>\n<p>&nbsp;<\/p>\n<p><strong>WARUM <\/strong><strong>ZU GREENOCEAN<\/strong><strong> KOMMEN<\/strong><\/p>\n<ul>\n<li>Wir arbeiten an <strong>L\u00f6sungen f\u00fcr eine der gr\u00f6\u00dften Herausforderungen,<\/strong> die das Leben kommender Generationen grundlegend bestimmt \u2013 Wasserknappheit<\/li>\n<li>Green Ocean bietet die M\u00f6glichkeit, <strong>Dinge von Grund auf aufzubauen<\/strong><\/li>\n<li>Wir bieten <strong>gro\u00dfes Lernpotential<\/strong>, ein hohes Ma\u00df an<strong> Freiheit mit flachen Hierarchien,<\/strong> offener Kommunikation und einem <strong>L\u00e4cheln<\/strong><\/li>\n<li>Werde Teil eines <strong>vielf\u00e4ltigen<\/strong> und<strong> neugierigen Teams<\/strong> hochmotivierter Wasserenthusiasten\n<ul><\/ul>\n<\/li>\n<\/ul>\n<p>&nbsp;<\/p>\n<p><strong>DIE AUFGABE<\/strong><\/p>\n<p><span>Du bereitest <\/span><strong>Laborversuche<\/strong><span> vor, arbeitest mit<\/span><strong> Laborapparaturen<\/strong><span> und f\u00fchrst<\/span><strong> Analysen<\/strong><span> durch. Du hast <\/span><strong>Spa\u00df an chemisch-technischen Verfahren<\/strong><span>und <\/span><strong>Interesse an Prozessoptimierungen<\/strong><span>:<\/span><\/p>\n<ul>\n<li><strong>Vorbereitung<\/strong> und<strong> Durchf\u00fchrung<\/strong> chemischer<strong> Laborversuche<\/strong><\/li>\n<li>Vorbereitung und <strong>Betrieb<\/strong> der<strong> Laboranlagen<\/strong> sowie Mithilfe in der<strong> Versuchsauswertung<\/strong><\/li>\n<li>Mitarbeit in der <strong>Analytik<\/strong>, <strong>Datenprotokollierung<\/strong> und<strong> Aufbereitung<\/strong> <strong>am PC<\/strong>\n<ul><\/ul>\n<\/li>\n<\/ul>\n<p>&nbsp;<\/p>\n<p><strong>DEIN PROFIL<\/strong><\/p>\n<ul>\n<li><strong>Berufserfahrung<\/strong> als <strong>Laborant(in) \/ Laborist(in)<\/strong>, Zertifikat erw\u00fcnscht<\/li>\n<li><strong>Vertrautheit<\/strong> mit <strong>chemisch-technischen Laborarbeiten<\/strong> und technischen Komponenten<\/li>\n<li><strong>Interesse<\/strong> an <strong>neuen Versuchsmethoden<\/strong>, <strong>kundenseitigen Anforderungen<\/strong> und<strong> Umsetzung<\/strong> unserer L\u00f6sungsvorschl\u00e4ge<\/li>\n<li>Kenntnisse in <strong>Office-Anwendungen<\/strong> und Umgang mit <strong>Computern<\/strong><\/li>\n<li><strong>Engagierte<\/strong>, <strong>flexible<\/strong>, <strong>gewissenhafte<\/strong> und<strong> kollaborative Arbeitsweise<\/strong><span style=\"font-size: 16px;\">\u00a0<\/span><\/li>\n<\/ul>\n<p>&nbsp;<\/p>\n<p><strong>WEITERES VORGEHEN UND AUSWAHLVERFAHREN:<\/strong><\/p>\n<p>Wir freuen uns auf Dein <strong>Motivationsschreiben<\/strong>, in dem Du uns zeigst, was Dich f\u00fcr diese Position begeistert und wie Du daraus Dein pers\u00f6nliches <strong><em>\u2018Next Big Thing\u2018<\/em>\u00a0<\/strong> machst und Deine Erfahrungen und Kenntnisse einbringst.<\/p>\n<p>F\u00fcge bitte Deinen<strong> CV, Zeugnisse<\/strong>, gewu\u0308nschten<strong> Eintrittstermin<\/strong> und<strong> Gehaltswunsch<\/strong> ebenfalls bei und sende an:<\/p>\n<p style=\"text-align: center;\"><a href=\"mailto:career@greenocean.tech\"><span><span style=\"color: #0d10d8;\">career@greenocean.tech<\/span><\/span><\/a><\/p>\n<p>&nbsp;<\/p>\n<p>Nach Durchsicht Deiner Unterlage melden wir uns zeitnah bei Dir mit einem Terminvorschlag f\u00fcr ein erstes Kennenlernen via Telefonat. Bei beidseitig positivem Eindruck lernen wir uns anschlie\u00dfend rasch vor Ort kennen.<\/p>\n<p>Eine finale Entscheidung f\u00e4llt unsererseits nach 1-2 gemeinsamen Fachgespr\u00e4chen mit Deinen zuk\u00fcnftigen KollegInnen.<\/p>\n<p>&nbsp;<\/p>\n<p><strong>M\u00d6CHTEST DU MEHR \u00dcBER UNS ERFAHREN?<\/strong><\/p>\n<p><span><a href=\"http:\/\/www.greenocean.tech\"><span style=\"color: #0d10d8;\">www.greenocean.tech<\/span><\/a><\/span><\/p>\n<p>[\/et_pb_text][\/et_pb_column][\/et_pb_row][\/et_pb_section][et_pb_section fb_built=&#8221;1&#8243; module_class=&#8221;c-footer&#8221; _builder_version=&#8221;4.16&#8243; vertical_offset_tablet=&#8221;0&#8243; horizontal_offset_tablet=&#8221;0&#8243; box_shadow_horizontal_tablet=&#8221;0px&#8221; box_shadow_vertical_tablet=&#8221;0px&#8221; box_shadow_blur_tablet=&#8221;40px&#8221; box_shadow_spread_tablet=&#8221;0px&#8221; global_colors_info=&#8221;{}&#8221;][et_pb_row _builder_version=&#8221;4.16&#8243; background_size=&#8221;initial&#8221; background_position=&#8221;top_left&#8221; background_repeat=&#8221;repeat&#8221; global_colors_info=&#8221;{}&#8221;][et_pb_column type=&#8221;4_4&#8243; _builder_version=&#8221;4.16&#8243; custom_padding=&#8221;|||&#8221; global_colors_info=&#8221;{}&#8221; custom_padding__hover=&#8221;|||&#8221;][et_pb_text _builder_version=&#8221;4.16&#8243; vertical_offset_tablet=&#8221;0&#8243; horizontal_offset_tablet=&#8221;0&#8243; z_index_tablet=&#8221;0&#8243; text_text_shadow_horizontal_length_tablet=&#8221;0px&#8221; text_text_shadow_vertical_length_tablet=&#8221;0px&#8221; text_text_shadow_blur_strength_tablet=&#8221;1px&#8221; link_text_shadow_horizontal_length_tablet=&#8221;0px&#8221; link_text_shadow_vertical_length_tablet=&#8221;0px&#8221; link_text_shadow_blur_strength_tablet=&#8221;1px&#8221; ul_text_shadow_horizontal_length_tablet=&#8221;0px&#8221; ul_text_shadow_vertical_length_tablet=&#8221;0px&#8221; ul_text_shadow_blur_strength_tablet=&#8221;1px&#8221; ol_text_shadow_horizontal_length_tablet=&#8221;0px&#8221; ol_text_shadow_vertical_length_tablet=&#8221;0px&#8221; ol_text_shadow_blur_strength_tablet=&#8221;1px&#8221; quote_text_shadow_horizontal_length_tablet=&#8221;0px&#8221; quote_text_shadow_vertical_length_tablet=&#8221;0px&#8221; quote_text_shadow_blur_strength_tablet=&#8221;1px&#8221; header_text_shadow_horizontal_length_tablet=&#8221;0px&#8221; header_text_shadow_vertical_length_tablet=&#8221;0px&#8221; header_text_shadow_blur_strength_tablet=&#8221;1px&#8221; header_2_text_shadow_horizontal_length_tablet=&#8221;0px&#8221; header_2_text_shadow_vertical_length_tablet=&#8221;0px&#8221; header_2_text_shadow_blur_strength_tablet=&#8221;1px&#8221; header_3_text_shadow_horizontal_length_tablet=&#8221;0px&#8221; header_3_text_shadow_vertical_length_tablet=&#8221;0px&#8221; header_3_text_shadow_blur_strength_tablet=&#8221;1px&#8221; header_4_text_shadow_horizontal_length_tablet=&#8221;0px&#8221; header_4_text_shadow_vertical_length_tablet=&#8221;0px&#8221; header_4_text_shadow_blur_strength_tablet=&#8221;1px&#8221; header_5_text_shadow_horizontal_length_tablet=&#8221;0px&#8221; header_5_text_shadow_vertical_length_tablet=&#8221;0px&#8221; header_5_text_shadow_blur_strength_tablet=&#8221;1px&#8221; header_6_text_shadow_horizontal_length_tablet=&#8221;0px&#8221; header_6_text_shadow_vertical_length_tablet=&#8221;0px&#8221; header_6_text_shadow_blur_strength_tablet=&#8221;1px&#8221; box_shadow_horizontal_tablet=&#8221;0px&#8221; box_shadow_vertical_tablet=&#8221;0px&#8221; box_shadow_blur_tablet=&#8221;40px&#8221; box_shadow_spread_tablet=&#8221;0px&#8221; global_colors_info=&#8221;{}&#8221;]<\/p>\n<h2>GO for sustainability&#8230;<\/h2>\n<h4>We would be pleased to assist you!<\/h4>\n<div class=\"register-footer\">\n<div class=\"social-links\"><a class=\"overlay-link contact\" href=\"https:\/\/www.greenocean.tech\/kontakt\/\"><span>GO for contact<\/span><\/a><br \/><a class=\"overlay-link mail\" href=\"mailto:Info@greenocean.tech\"><span>GO for mail<\/span><\/a><br \/><a class=\"overlay-link linkedin\" href=\"https:\/\/www.linkedin.com\/in\/peter-muth-684b9927\/\" target=\"_blank\" rel=\"noopener noreferrer\"><span>GO for LinkedIn<\/span><\/a><\/div>\n<\/div>\n<p>[\/et_pb_text][\/et_pb_column][\/et_pb_row][\/et_pb_section]<\/p>\n","protected":false},"excerpt":{"rendered":"<p>LABORATORY CHEMIST \/ CHEMICAL-TECHNICAL ASSISTANT\u00a0(m\/w\/d) Laboratory Equipment Operation \/ Laboratory Analysis \u2013 Metropolis Area Ruhr, Germany \u2013 50%\/100%DescriptionChemical Technical Laboratory \/ Laboratory AssistantMetropolis Area Ruhr, GermanyWER WIR SIND Wir sind GreenOcean und machen den Unterschied in chemischer Verfahrenstechnik und Wasserkreislaufwirtschaft. GreenOcean entwickelt, baut und betreibt bahnbrechende Abwasserbehandlungsanlagen und erm\u00f6glicht damit einen hocheffizienten, umweltfreundlichen und kosteng\u00fcnstigen [&hellip;]<\/p>\n","protected":false},"author":2,"featured_media":0,"parent":0,"menu_order":0,"comment_status":"closed","ping_status":"closed","template":"","meta":{"_et_pb_use_builder":"on","_et_pb_old_content":"","_et_gb_content_width":"","inline_featured_image":false},"_links":{"self":[{"href":"https:\/\/www.greenocean.tech\/en\/wp-json\/wp\/v2\/pages\/4993"}],"collection":[{"href":"https:\/\/www.greenocean.tech\/en\/wp-json\/wp\/v2\/pages"}],"about":[{"href":"https:\/\/www.greenocean.tech\/en\/wp-json\/wp\/v2\/types\/page"}],"author":[{"embeddable":true,"href":"https:\/\/www.greenocean.tech\/en\/wp-json\/wp\/v2\/users\/2"}],"replies":[{"embeddable":true,"href":"https:\/\/www.greenocean.tech\/en\/wp-json\/wp\/v2\/comments?post=4993"}],"version-history":[{"count":3,"href":"https:\/\/www.greenocean.tech\/en\/wp-json\/wp\/v2\/pages\/4993\/revisions"}],"predecessor-version":[{"id":4999,"href":"https:\/\/www.greenocean.tech\/en\/wp-json\/wp\/v2\/pages\/4993\/revisions\/4999"}],"wp:attachment":[{"href":"https:\/\/www.greenocean.tech\/en\/wp-json\/wp\/v2\/media?parent=4993"}],"curies":[{"name":"wp","href":"https:\/\/api.w.org\/{rel}","templated":true}]}}