{"id":5349,"date":"2025-07-01T22:14:49","date_gmt":"2025-07-01T22:14:49","guid":{"rendered":"https:\/\/www.greenocean.tech\/?page_id=5349"},"modified":"2026-02-21T19:29:11","modified_gmt":"2026-02-21T19:29:11","slug":"hr-chem-verfahrenstechnik","status":"publish","type":"page","link":"https:\/\/www.greenocean.tech\/en\/hr-chem-verfahrenstechnik\/","title":{"rendered":"HR-Chem-Verfahrenstechnik"},"content":{"rendered":"<p>[et_pb_section fb_built=&#8221;1&#8243; admin_label=&#8221;Services&#8221; _builder_version=&#8221;4.16&#8243; vertical_offset_tablet=&#8221;0&#8243; horizontal_offset_tablet=&#8221;0&#8243; custom_padding=&#8221;90px|0px|90px|0px&#8221; box_shadow_horizontal_tablet=&#8221;0px&#8221; box_shadow_vertical_tablet=&#8221;0px&#8221; box_shadow_blur_tablet=&#8221;40px&#8221; box_shadow_spread_tablet=&#8221;0px&#8221; global_colors_info=&#8221;{}&#8221;][et_pb_row _builder_version=&#8221;4.16&#8243; _module_preset=&#8221;default&#8221; global_colors_info=&#8221;{}&#8221;][et_pb_column type=&#8221;4_4&#8243; _builder_version=&#8221;4.16&#8243; _module_preset=&#8221;default&#8221; global_colors_info=&#8221;{}&#8221;][et_pb_text _builder_version=&#8221;4.16&#8243; _module_preset=&#8221;default&#8221; global_colors_info=&#8221;{}&#8221;]<\/p>\n<h1 style=\"text-align: center;\"><strong>INGENIEUR CHEMISCHE VERFAHRENSTECHNIK,<br \/>MASCHINENBAU<\/strong>\u00a0(m\/w\/d)<\/h1>\n<h3 style=\"text-align: center;\">Anlagenplanung, -bau und Inbetriebsetzung von NextGen Abwasser Technologie<br \/>Bottrop\/Metropole Ruhr, Deutschland \u00a0\u2013 \u00a0Vollzeit<\/h3>\n<p>[\/et_pb_text][\/et_pb_column][\/et_pb_row][et_pb_row _builder_version=&#8221;4.16&#8243; _module_preset=&#8221;default&#8221; global_colors_info=&#8221;{}&#8221;][et_pb_column type=&#8221;4_4&#8243; _builder_version=&#8221;4.16&#8243; _module_preset=&#8221;default&#8221; global_colors_info=&#8221;{}&#8221;][et_pb_text _builder_version=&#8221;4.16&#8243; _module_preset=&#8221;default&#8221; global_colors_info=&#8221;{}&#8221;]<\/p>\n<p><strong>Beschreibung<br \/>Ingenieur Chemische Verfahrenstechnik \/ Maschinenbau<\/strong><strong><br \/><\/strong><strong>Bottrop\/Metropole Ruhr, Deutschland<\/strong><\/p>\n<p>[\/et_pb_text][\/et_pb_column][\/et_pb_row][et_pb_row _builder_version=&#8221;4.16&#8243; _module_preset=&#8221;default&#8221; global_colors_info=&#8221;{}&#8221;][et_pb_column type=&#8221;4_4&#8243; _builder_version=&#8221;4.16&#8243; _module_preset=&#8221;default&#8221; global_colors_info=&#8221;{}&#8221;][et_pb_text _builder_version=&#8221;4.16&#8243; _module_preset=&#8221;default&#8221; global_colors_info=&#8221;{}&#8221;]<\/p>\n<p><strong>WER WIR SIND<\/strong><\/p>\n<p><span>Wir sind <\/span><strong>Green Ocean<\/strong><span> und <\/span><strong>machen den Unterschied<\/strong><span> in chemischer<\/span><strong> Verfahrenstechnik<\/strong><span> und <\/span><strong>Wasserkreislaufwirtschaft<\/strong>.<\/p>\n<p><span>Green Ocean entwickelt, baut und betreibt<\/span><strong> bahnbrechende Abwasserbehandlungsverfahren<\/strong><span> und erm\u00f6glicht damit den hocheffizienten, umweltfreundlichen und kosteng\u00fcnstigen Zugang zur <\/span><strong>Wiederverwendung hochbelasteter Problemabw\u00e4sser<\/strong>.<\/p>\n<p><span>Wir begreifen<strong> Abwasserbehandlung als innovative integrierte chemische Verfahrenstechnik<\/strong> und setzen dies auf eine Weise um, die in der traditionellen Abwasseraufbereitung eine Revolution darstellt.<\/span><\/p>\n<p><strong>Unsere Mission<\/strong> ist, zum<strong> dringend ben\u00f6tigten Gew\u00e4sserschutz<\/strong> und zum<strong> Erhalt unseres blauen Planeten<\/strong> f\u00fcr das <strong>Leben zuk\u00fcnftiger Generationen<\/strong> nachhaltig beizutragen.<\/p>\n<p>Green Ocean ist<strong> dynamisch<\/strong> und das Gegenteil von gew\u00f6hnlich. Wir verbinden den <strong>schweizer Anspruch an Engineering<\/strong>mit mittelst\u00e4ndisch gepr\u00e4gtem <strong>Unternehmertum<\/strong> und dem <strong>starken Engagement unserer internationalen Investoren<\/strong>. Unser Team aus motivierten Talenten mit unterschiedlichstem Hintergrund folgt <strong>echter Leidenschaft f\u00fcr Wasser und NextGen Technologien<\/strong>.<\/p>\n<p><span>Wenn Du Dich dieser Herausforderung stellen, an <\/span><strong>hochinnovativen Projekten<\/strong><span> arbeiten, <\/span><strong>Nachhaltigkeit<\/strong><span> in die<\/span><strong> Praxis umsetzen<\/strong><span> und Teil eines diversen Teams sein m\u00f6chtest, dessen Leidenschaft der <\/span><strong>Erhalt der wichtigsten Ressource unseres blauen Planeten<\/strong><span> ist, dann komm\u2018 zu Green Ocean und<\/span><strong> wachse mit uns zusammen!<\/strong><\/p>\n<p>&nbsp;<\/p>\n<p><strong>WARUM ZU <\/strong><strong>GREEN OCEAN<\/strong><\/p>\n<ul>\n<li>Wir arbeiten an<strong> L\u00f6sungen f\u00fcr eine der gr\u00f6\u00dften Herausforderungen<\/strong>, die das Leben kommender Generation grundlegend bestimmt<\/li>\n<li>Green Ocean erm\u00f6glicht eine<strong> au\u00dfergew\u00f6hnliche Start-up-Reise<\/strong> mit entsprechenden <strong>Gestaltungsspielr\u00e4umen<\/strong><\/li>\n<li>Wir bieten<strong> gro\u00dfes Lernpotential<\/strong>, ein hohes Ma\u00df an <strong>Freiraum<\/strong> und die M\u00f6glichkeit, <strong>Dinge von Grund auf aufzubauen<\/strong><\/li>\n<li>Werde Teil eines <strong>agilen, vielf\u00e4ltigen und neugierigen Teams<\/strong> hochmotivierter <strong>Wasserenthusiasten<\/strong><\/li>\n<li>Green Ocean ist bestimmt von<strong> flacher Hierarchie, offener Kommunikation<\/strong> und einem<strong> L\u00e4cheln<\/strong><span style=\"font-size: 16px;\">\u00a0<\/span><span style=\"font-size: 16px;\"><\/span><\/li>\n<\/ul>\n<p>\u00a0<span style=\"font-size: 16px;\"><\/span><\/p>\n<p>&nbsp;<\/p>\n<p><b>DIE AUFGABE<\/b><span style=\"font-size: 16px;\">\u00a0<\/span><\/p>\n<div><span style=\"font-size: 16px;\">Du <\/span><span lang=\"DE\" style=\"font-size: 16px;\">setzt die\u00a0<b>Prozessleittechnik<\/b> unserer <b>integrierte<\/b>n<b> Abwassertechnologie<\/b>n um. Mit Hilfe <b>Deiner L\u00f6sungen <\/b>werden <b>selbstoptimierende<\/b> <b>Steuerungen<\/b> und <b>Data Mining <\/b>in der<b> Wasserkreislaufwirtschaft<\/b> realisiert:<\/span><\/div>\n<div><span lang=\"DE\" style=\"font-size: 16px;\">\u00a0<\/span><\/div>\n<div><\/div>\n<div><span style=\"font-size: 16px;\"><\/span><\/div>\n<div><span style=\"font-size: 16px;\"><\/span><\/div>\n<div><span style=\"font-size: 16px;\"><\/span><\/div>\n<div><span style=\"font-size: 16px;\"><\/span><\/div>\n<div><span style=\"font-size: 16px;\"><\/span><\/div>\n<div>\n<ul>\n<li><strong><\/strong><\/li>\n<li><strong><\/strong><\/li>\n<li>Du f\u00fchrst <strong>Basic- <\/strong>und<strong> Detailplanung verfahrenstechnischer Anlagen<\/strong> durch<\/li>\n<li>Du erstellst <strong>technische Spezifikationen<\/strong> und <strong>Planungsunterlagen<\/strong><\/li>\n<li>Du entwickelst <strong>Programmierungen <\/strong>und <strong>\u00c4nderungen <\/strong>von<strong> Funktionen <\/strong>im Prozessleitsystem<\/li>\n<li>Du begleitest die<strong> Inbetriebnahmen<\/strong><\/li>\n<li>Du f\u00fchrst<strong> Optimierung <\/strong>und <strong>\u00dcberwachung <\/strong>der <strong>Regelkreise<\/strong> durch<\/li>\n<li><span>Du bist fachlicher <strong>Ansprechpartner<\/strong> f\u00fcr <strong>Kunden<\/strong> und <strong>Lieferante<\/strong><\/span><\/li>\n<\/ul>\n<\/div>\n<p>&nbsp;<\/p>\n<p><b>DEIN PROFIL<\/b><\/p>\n<ul>\n<li>Ausbildung zum\u00a0<strong>Techniker<\/strong>\u00a0(m\/w\/d) bzw.\u00a0<strong>Bachelor<\/strong>\u00a0\/\u00a0<strong>Master<\/strong>\u00a0(m\/w\/d) im Bereich<strong>\u00a0Elektrotechnik, <br \/><\/strong><strong>Automatisierungstechnik<\/strong>\u00a0oder\u00a0<strong>gleichwertige Qualifikation<\/strong><\/li>\n<li><strong>Einschl\u00e4gige Berufserfahrung<\/strong> in der eigenverantwortlichen Abwicklung von <strong>elektrotechnischen Projekten<\/strong><span>, in der <strong>speicherprogrammierbaren Steuerung <\/strong>(idealerweise Siemens) <\/span>vorzugsweise in der (Ab\u2011)<strong>Wasseraufbereitung, chemischen Verfahrenstechnik<\/strong> oder <strong>Chemieumfeld<\/strong><\/li>\n<li><strong style=\"font-size: 16px;\">Analytisches Denkverm\u00f6gen<\/strong><span style=\"font-size: 16px;\"> und <\/span><strong style=\"font-size: 16px;\">F\u00e4higkeit zum Wissenstransfer<\/strong><span style=\"font-size: 16px;\"> in neue Anwendungsfelder<\/span><\/li>\n<li>Du\u00a0brennst f\u00fcr<strong>\u00a0interdisziplin\u00e4re Problemstellungen<\/strong>, siehst <strong>Barrieren als Ansporn<\/strong> und setzt im Team eine<strong> Vision <\/strong>erfolgreich in die<strong> Realit\u00e4t <\/strong>um<\/li>\n<li><strong>Engagiert<\/strong>e, <strong>flexible<\/strong>, <strong>gewissenhaft<\/strong>e und <strong>kollaborativ<\/strong>e Arbeitsweise<\/li>\n<li>Bereitschaft, <strong>Verantwortung<\/strong> zu \u00fcbernehmen und sich in die <strong>Perspektive des Gegen\u00fcber <\/strong>hineinzuversetzen<\/li>\n<li><strong>Kommunikativ<\/strong>es Geschick und F\u00e4higkeit, <strong>komplexe Sachverhalte <\/strong>zu <strong>vermitteln<\/strong><\/li>\n<li><strong>Flie\u00dfendes Deutsch <\/strong><span>und gute Englischkenntnis<\/span><\/li>\n<\/ul>\n<p><strong><\/strong><\/p>\n<p><strong><\/strong><\/p>\n<p><strong><\/strong><\/p>\n<div><strong>WEITERES VORGEHEN UND AUSWAHLVERFAHREN<\/strong><\/div>\n<div>\u00a0<\/div>\n<div><strong><\/strong><\/div>\n<div><strong><\/strong><\/div>\n<div><strong><\/strong><\/div>\n<div><strong><\/strong><\/div>\n<div><\/div>\n<div><\/div>\n<div><\/div>\n<p>Wir freuen uns auf Dein <strong>Motivationsschreiben<\/strong>, in dem Du uns zeigst, was Dich f\u00fcr diese Position begeistert, wie Du daraus Dein pers\u00f6nliches<strong> <em>\u2018Next Big Thing\u2018<\/em>\u00a0\u00a0<\/strong>machst und Deine Erfahrungen und Kenntnisse einbringst.<\/p>\n<p>F\u00fcge bitte Deinen <strong>CV<\/strong>, <strong>Zeugnisse<\/strong>, gewu\u0308nschten<strong> Eintrittstermin<\/strong> und<strong> Gehaltswunsch<\/strong> ebenfalls bei und sende an:\u00a0<\/p>\n<p style=\"text-align: center;\"><span style=\"color: #0d10d8;\"><a href=\"mailto:career@greenocean.tech\" style=\"color: #0d10d8;\">career@greenocean.tech<\/a><\/span><\/p>\n<p><a href=\"mailto:career@greenocean.tech\"><\/a><\/p>\n<div>\n<p>Nach Durchsicht Deiner Unterlagen melden wir uns zeitnah bei Dir mit einem Terminvorschlag f\u00fcr ein erstes Kennenlernen via VideoCall oder Telefon. Bei beidseitig positivem Eindruck lernen wir uns anschlie\u00dfend rasch vor Ort kennen.<\/p>\n<p>Eine finale Entscheidung f\u00e4llt unsererseits nach 2 gemeinsamen Fachgespr\u00e4chen mit Deinen zuk\u00fcnftigen KollegInnen.<\/p>\n<\/div>\n<p>&nbsp;<\/p>\n<p><strong><span>M\u00d6CHTEST DU MEHR \u00dcBER UNS ERFAHREN?<\/span><\/strong><\/p>\n<p><span style=\"font-size: 16px;\"><\/span><a href=\"http:\/\/www.greenocean.tech\" style=\"font-size: 16px;\"><span style=\"color: #0d10d8;\">www.greenocean.tech<\/span><\/a><\/p>\n<p>&nbsp;<\/p>\n<p>[\/et_pb_text][\/et_pb_column][\/et_pb_row][\/et_pb_section][et_pb_section fb_built=&#8221;1&#8243; module_class=&#8221;c-footer&#8221; _builder_version=&#8221;4.16&#8243; _module_preset=&#8221;default&#8221; global_colors_info=&#8221;{}&#8221;][et_pb_row _builder_version=&#8221;4.16&#8243; background_size=&#8221;initial&#8221; background_position=&#8221;top_left&#8221; background_repeat=&#8221;repeat&#8221; global_colors_info=&#8221;{}&#8221;][et_pb_column type=&#8221;4_4&#8243; _builder_version=&#8221;4.16&#8243; custom_padding=&#8221;|||&#8221; global_colors_info=&#8221;{}&#8221; custom_padding__hover=&#8221;|||&#8221;][et_pb_text _builder_version=&#8221;4.16&#8243; vertical_offset_tablet=&#8221;0&#8243; horizontal_offset_tablet=&#8221;0&#8243; z_index_tablet=&#8221;0&#8243; text_text_shadow_horizontal_length_tablet=&#8221;0px&#8221; text_text_shadow_vertical_length_tablet=&#8221;0px&#8221; text_text_shadow_blur_strength_tablet=&#8221;1px&#8221; link_text_shadow_horizontal_length_tablet=&#8221;0px&#8221; link_text_shadow_vertical_length_tablet=&#8221;0px&#8221; link_text_shadow_blur_strength_tablet=&#8221;1px&#8221; ul_text_shadow_horizontal_length_tablet=&#8221;0px&#8221; ul_text_shadow_vertical_length_tablet=&#8221;0px&#8221; ul_text_shadow_blur_strength_tablet=&#8221;1px&#8221; ol_text_shadow_horizontal_length_tablet=&#8221;0px&#8221; ol_text_shadow_vertical_length_tablet=&#8221;0px&#8221; ol_text_shadow_blur_strength_tablet=&#8221;1px&#8221; quote_text_shadow_horizontal_length_tablet=&#8221;0px&#8221; quote_text_shadow_vertical_length_tablet=&#8221;0px&#8221; quote_text_shadow_blur_strength_tablet=&#8221;1px&#8221; header_text_shadow_horizontal_length_tablet=&#8221;0px&#8221; header_text_shadow_vertical_length_tablet=&#8221;0px&#8221; header_text_shadow_blur_strength_tablet=&#8221;1px&#8221; header_2_text_shadow_horizontal_length_tablet=&#8221;0px&#8221; header_2_text_shadow_vertical_length_tablet=&#8221;0px&#8221; header_2_text_shadow_blur_strength_tablet=&#8221;1px&#8221; header_3_text_shadow_horizontal_length_tablet=&#8221;0px&#8221; header_3_text_shadow_vertical_length_tablet=&#8221;0px&#8221; header_3_text_shadow_blur_strength_tablet=&#8221;1px&#8221; header_4_text_shadow_horizontal_length_tablet=&#8221;0px&#8221; header_4_text_shadow_vertical_length_tablet=&#8221;0px&#8221; header_4_text_shadow_blur_strength_tablet=&#8221;1px&#8221; header_5_text_shadow_horizontal_length_tablet=&#8221;0px&#8221; header_5_text_shadow_vertical_length_tablet=&#8221;0px&#8221; header_5_text_shadow_blur_strength_tablet=&#8221;1px&#8221; header_6_text_shadow_horizontal_length_tablet=&#8221;0px&#8221; header_6_text_shadow_vertical_length_tablet=&#8221;0px&#8221; header_6_text_shadow_blur_strength_tablet=&#8221;1px&#8221; box_shadow_horizontal_tablet=&#8221;0px&#8221; box_shadow_vertical_tablet=&#8221;0px&#8221; box_shadow_blur_tablet=&#8221;40px&#8221; box_shadow_spread_tablet=&#8221;0px&#8221; global_colors_info=&#8221;{}&#8221;]<\/p>\n<h2>Wenn nicht jetzt, wann dann&#8230; werde Teil von GreenOcean!<\/h2>\n<h4>Wir sind neugierig auf Dich!<\/h4>\n<div class=\"register-footer\">\n<div class=\"social-links\"><a class=\"overlay-link contact\" href=\"https:\/\/www.greenocean.tech\/kontakt\/\"><span>GO for contact<\/span><\/a><br \/>\n<a class=\"overlay-link mail\" href=\"mailto:Info@greenocean.tech\"><span>GO for mail<\/span><\/a><br \/>\n<a class=\"overlay-link linkedin\" href=\"https:\/\/www.linkedin.com\/in\/peter-muth-684b9927\/\" target=\"_blank\" rel=\"noopener noreferrer\"><span>GO for LinkedIn<\/span><\/a><\/div>\n<\/div>\n<p>[\/et_pb_text][\/et_pb_column][\/et_pb_row][\/et_pb_section]<\/p>\n","protected":false},"excerpt":{"rendered":"<p>INGENIEUR CHEMISCHE VERFAHRENSTECHNIK,MASCHINENBAU\u00a0(m\/w\/d) Anlagenplanung, -bau und Inbetriebsetzung von NextGen Abwasser TechnologieBottrop\/Metropole Ruhr, Deutschland \u00a0\u2013 \u00a0VollzeitBeschreibungIngenieur Chemische Verfahrenstechnik \/ MaschinenbauBottrop\/Metropole Ruhr, DeutschlandWER WIR SIND Wir sind Green Ocean und machen den Unterschied in chemischer Verfahrenstechnik und Wasserkreislaufwirtschaft. Green Ocean entwickelt, baut und betreibt bahnbrechende Abwasserbehandlungsverfahren und erm\u00f6glicht damit den hocheffizienten, umweltfreundlichen und kosteng\u00fcnstigen Zugang zur Wiederverwendung [&hellip;]<\/p>\n","protected":false},"author":2,"featured_media":0,"parent":0,"menu_order":0,"comment_status":"closed","ping_status":"closed","template":"","meta":{"_et_pb_use_builder":"on","_et_pb_old_content":"","_et_gb_content_width":"","inline_featured_image":false},"_links":{"self":[{"href":"https:\/\/www.greenocean.tech\/en\/wp-json\/wp\/v2\/pages\/5349"}],"collection":[{"href":"https:\/\/www.greenocean.tech\/en\/wp-json\/wp\/v2\/pages"}],"about":[{"href":"https:\/\/www.greenocean.tech\/en\/wp-json\/wp\/v2\/types\/page"}],"author":[{"embeddable":true,"href":"https:\/\/www.greenocean.tech\/en\/wp-json\/wp\/v2\/users\/2"}],"replies":[{"embeddable":true,"href":"https:\/\/www.greenocean.tech\/en\/wp-json\/wp\/v2\/comments?post=5349"}],"version-history":[{"count":7,"href":"https:\/\/www.greenocean.tech\/en\/wp-json\/wp\/v2\/pages\/5349\/revisions"}],"predecessor-version":[{"id":5441,"href":"https:\/\/www.greenocean.tech\/en\/wp-json\/wp\/v2\/pages\/5349\/revisions\/5441"}],"wp:attachment":[{"href":"https:\/\/www.greenocean.tech\/en\/wp-json\/wp\/v2\/media?parent=5349"}],"curies":[{"name":"wp","href":"https:\/\/api.w.org\/{rel}","templated":true}]}}